{"id":22,"date":"2025-07-29T09:28:21","date_gmt":"2025-07-29T09:28:21","guid":{"rendered":"https:\/\/ai4lp.com\/?page_id=22"},"modified":"2025-08-18T05:55:42","modified_gmt":"2025-08-18T05:55:42","slug":"ai-and-liberal-professions","status":"publish","type":"page","link":"https:\/\/ai4lp.com\/fr\/ai-and-liberal-professions\/","title":{"rendered":"L'IA et les professions lib\u00e9rales"},"content":{"rendered":"<div data-elementor-type=\"wp-page\" data-elementor-id=\"22\" class=\"elementor elementor-22\" data-elementor-post-type=\"page\">\n\t\t\t\t<div class=\"elementor-element elementor-element-83c8064 e-flex e-con-boxed e-con e-parent\" data-id=\"83c8064\" data-element_type=\"container\" data-settings=\"{&quot;background_background&quot;:&quot;classic&quot;}\">\n\t\t\t\t\t<div class=\"e-con-inner\">\n\t\t<div class=\"elementor-element elementor-element-4aa613c e-con-full e-flex e-con e-child\" data-id=\"4aa613c\" data-element_type=\"container\">\n\t\t\t\t<div class=\"elementor-element elementor-element-cc8e258 elementor-widget elementor-widget-heading\" data-id=\"cc8e258\" data-element_type=\"widget\" data-widget_type=\"heading.default\">\n\t\t\t\t\t<h1 class=\"elementor-heading-title elementor-size-default\">L'IA et les professions lib\u00e9rales<\/h1>\t\t\t\t<\/div>\n\t\t\t\t<div class=\"elementor-element elementor-element-4e12605 elementor-icon-list--layout-inline elementor-list-item-link-full_width elementor-widget elementor-widget-icon-list\" data-id=\"4e12605\" data-element_type=\"widget\" data-widget_type=\"icon-list.default\">\n\t\t\t\t\t\t\t<ul class=\"elementor-icon-list-items elementor-inline-items\">\n\t\t\t\t\t\t\t<li class=\"elementor-icon-list-item elementor-inline-item\">\n\t\t\t\t\t\t\t\t\t\t\t<a href=\"\/fr\/\">\n\n\t\t\t\t\t\t\t\t\t\t\t\t<span class=\"elementor-icon-list-icon\">\n\t\t\t\t\t\t\t<i aria-hidden=\"true\" class=\"uic xlslim-building\"><\/i>\t\t\t\t\t\t<\/span>\n\t\t\t\t\t\t\t\t\t\t<span class=\"elementor-icon-list-text\">Accueil<\/span>\n\t\t\t\t\t\t\t\t\t\t\t<\/a>\n\t\t\t\t\t\t\t\t\t<\/li>\n\t\t\t\t\t\t\t\t<li class=\"elementor-icon-list-item elementor-inline-item\">\n\t\t\t\t\t\t\t\t\t\t\t<span class=\"elementor-icon-list-icon\">\n\t\t\t\t\t\t\t<i aria-hidden=\"true\" class=\"material-icons md-keyboard_arrow_right\"><\/i>\t\t\t\t\t\t<\/span>\n\t\t\t\t\t\t\t\t\t\t<span class=\"elementor-icon-list-text\">L'IA et les professions lib\u00e9rales<\/span>\n\t\t\t\t\t\t\t\t\t<\/li>\n\t\t\t\t\t\t<\/ul>\n\t\t\t\t\t\t<\/div>\n\t\t\t\t<\/div>\n\t\t<div class=\"elementor-element elementor-element-e4ec060 e-con-full e-flex e-con e-child\" data-id=\"e4ec060\" data-element_type=\"container\">\n\t\t\t\t<div class=\"elementor-element elementor-element-d2289e3 elementor-widget elementor-widget-button\" data-id=\"d2289e3\" data-element_type=\"widget\" data-widget_type=\"button.default\">\n\t\t\t\t\t\t\t\t\t\t<a class=\"elementor-button elementor-button-link elementor-size-sm\" href=\"https:\/\/ai4lp.com\/fr\/contact\/\">\n\t\t\t\t\t\t<span class=\"elementor-button-content-wrapper\">\n\t\t\t\t\t\t\t\t\t<span class=\"elementor-button-text\">Prendre rendez-vous<\/span>\n\t\t\t\t\t<\/span>\n\t\t\t\t\t<\/a>\n\t\t\t\t\t\t\t\t<\/div>\n\t\t\t\t<div class=\"elementor-element elementor-element-14b093a elementor-widget elementor-widget-button\" data-id=\"14b093a\" data-element_type=\"widget\" data-widget_type=\"button.default\">\n\t\t\t\t\t\t\t\t\t\t<a class=\"elementor-button elementor-button-link elementor-size-sm\" href=\"https:\/\/ai4lp.com\/fr\/about-us\/\">\n\t\t\t\t\t\t<span class=\"elementor-button-content-wrapper\">\n\t\t\t\t\t\t\t\t\t<span class=\"elementor-button-text\">\u00c0 propos de nous<\/span>\n\t\t\t\t\t<\/span>\n\t\t\t\t\t<\/a>\n\t\t\t\t\t\t\t\t<\/div>\n\t\t\t\t<\/div>\n\t\t\t\t\t<\/div>\n\t\t\t\t<\/div>\n\t\t<div class=\"elementor-element elementor-element-0b767d8 e-flex e-con-boxed e-con e-parent\" data-id=\"0b767d8\" data-element_type=\"container\">\n\t\t\t\t\t<div class=\"e-con-inner\">\n\t\t<div class=\"elementor-element elementor-element-b5810ba e-con-full e-flex e-con e-child\" data-id=\"b5810ba\" data-element_type=\"container\">\n\t\t\t\t<div class=\"elementor-element elementor-element-6e7109b elementor-widget elementor-widget-heading\" data-id=\"6e7109b\" data-element_type=\"widget\" data-widget_type=\"heading.default\">\n\t\t\t\t\t<h2 class=\"elementor-heading-title elementor-size-default\">Bienvenue sur notre site<\/h2>\t\t\t\t<\/div>\n\t\t\t\t<div class=\"elementor-element elementor-element-c615dc7 elementor-widget elementor-widget-text-editor\" data-id=\"c615dc7\" data-element_type=\"widget\" data-widget_type=\"text-editor.default\">\n\t\t\t\t\t\t\t\t\t<p>Les professions lib\u00e9rales sont transform\u00e9es par des forces invisibles : Les outils d'IA qui r\u00e9digent, sugg\u00e8rent, trient, diagnostiquent.<br \/>Ces outils sont souvent int\u00e9gr\u00e9s, non transparents et mal g\u00e9r\u00e9s.<br \/>Pourtant, le c\u0153ur du travail des professions lib\u00e9rales est relationnel, \u00e9thique et fond\u00e9 sur la confiance.<br \/>L'IA introduit de nouvelles asym\u00e9tries, acc\u00e9l\u00e8re les processus et dilue la discr\u00e9tion professionnelle.<br \/>Sans r\u00e9ponse structur\u00e9e, les professions lib\u00e9rales risquent d'abandonner leurs fondements \u00e9thiques. La question n'est plus de savoir s'il faut utiliser l'IA, mais comment le faire de mani\u00e8re responsable.<\/p>\t\t\t\t\t\t\t\t<\/div>\n\t\t\t\t<div class=\"elementor-element elementor-element-a9f435b elementor-widget elementor-widget-button\" data-id=\"a9f435b\" data-element_type=\"widget\" data-widget_type=\"button.default\">\n\t\t\t\t\t\t\t\t\t\t<a class=\"elementor-button elementor-button-link elementor-size-sm\" href=\"https:\/\/ai4lp.com\/fr\/contact\/\">\n\t\t\t\t\t\t<span class=\"elementor-button-content-wrapper\">\n\t\t\t\t\t\t<span class=\"elementor-button-icon\">\n\t\t\t\t<i aria-hidden=\"true\" class=\"uic fi-rr-arrow-small-right\"><\/i>\t\t\t<\/span>\n\t\t\t\t\t\t\t\t\t<span class=\"elementor-button-text\">Prendre rendez-vous<\/span>\n\t\t\t\t\t<\/span>\n\t\t\t\t\t<\/a>\n\t\t\t\t\t\t\t\t<\/div>\n\t\t\t\t<\/div>\n\t\t<div class=\"elementor-element elementor-element-2096878 e-con-full e-flex e-con e-child\" data-id=\"2096878\" data-element_type=\"container\">\n\t\t\t\t<div class=\"elementor-element elementor-element-53a6b4a elementor-widget elementor-widget-image\" data-id=\"53a6b4a\" data-element_type=\"widget\" data-widget_type=\"image.default\">\n\t\t\t\t\t\t\t\t\t\t\t\t\t\t\t<img fetchpriority=\"high\" decoding=\"async\" width=\"612\" height=\"408\" src=\"https:\/\/ai4lp.com\/wp-content\/uploads\/2025\/07\/team_meeting.webp\" class=\"attachment-large size-large wp-image-121\" alt=\"\" srcset=\"https:\/\/ai4lp.com\/wp-content\/uploads\/2025\/07\/team_meeting.webp 612w, https:\/\/ai4lp.com\/wp-content\/uploads\/2025\/07\/team_meeting-300x200.webp 300w\" sizes=\"(max-width: 612px) 100vw, 612px\" \/>\t\t\t\t\t\t\t\t\t\t\t\t\t\t\t<\/div>\n\t\t\t\t<\/div>\n\t\t\t\t\t<\/div>\n\t\t\t\t<\/div>\n\t\t\t\t<\/div>","protected":false},"excerpt":{"rendered":"<p>Accueil Prendre un rendez-vous A propos de nous Bienvenue sur notre site web Les professions lib\u00e9rales sont transform\u00e9es par des forces invisibles : Les outils d'IA qui r\u00e9digent, sugg\u00e8rent, trient, diagnostiquent.Ces outils sont souvent int\u00e9gr\u00e9s, non transparents et mal gouvern\u00e9s.Pourtant, le c\u0153ur du travail des professions lib\u00e9rales est relationnel, \u00e9thique et fond\u00e9 sur la confiance.L'IA introduit de nouvelles asym\u00e9tries, acc\u00e9l\u00e8re les processus et dilue le pouvoir discr\u00e9tionnaire des professionnels.Sans [...]<\/p>","protected":false},"author":1,"featured_media":0,"parent":0,"menu_order":0,"comment_status":"closed","ping_status":"closed","template":"","meta":{"footnotes":""},"class_list":["post-22","page","type-page","status-publish","hentry"],"yoast_head":"<!-- This site is optimized with the Yoast SEO plugin v26.3 - https:\/\/yoast.com\/wordpress\/plugins\/seo\/ -->\n<title>AI and liberal professions - Artificial intelligence fot liberal professions<\/title>\n<meta name=\"robots\" content=\"index, follow, max-snippet:-1, max-image-preview:large, max-video-preview:-1\" \/>\n<link rel=\"canonical\" href=\"https:\/\/ai4lp.com\/fr\/ai-and-liberal-professions\/\" \/>\n<meta property=\"og:locale\" content=\"fr_FR\" \/>\n<meta property=\"og:type\" content=\"article\" \/>\n<meta property=\"og:title\" content=\"AI and liberal professions - Artificial intelligence fot liberal professions\" \/>\n<meta property=\"og:description\" content=\"Home Make An Appointment About Us Welcome to our website Liberal professions are being transformed by invisible forces: AI tools that draft, suggest, triage, diagnose.These tools are often embedded, non-transparent, and poorly governed.Yet the core of liberal professions\u2019 work is relational, ethical, and grounded in trust.AI introduces new asymmetries, accelerates processes, and dilutes professional discretion.Without [&hellip;]\" \/>\n<meta property=\"og:url\" content=\"https:\/\/ai4lp.com\/fr\/ai-and-liberal-professions\/\" \/>\n<meta property=\"og:site_name\" content=\"Artificial intelligence fot liberal professions\" \/>\n<meta property=\"article:modified_time\" content=\"2025-08-18T05:55:42+00:00\" \/>\n<meta property=\"og:image\" content=\"https:\/\/ai4lp.com\/wp-content\/uploads\/2025\/07\/team_meeting.webp\" \/>\n\t<meta property=\"og:image:width\" content=\"612\" \/>\n\t<meta property=\"og:image:height\" content=\"408\" \/>\n\t<meta property=\"og:image:type\" content=\"image\/webp\" \/>\n<meta name=\"twitter:card\" content=\"summary_large_image\" \/>\n<meta name=\"twitter:label1\" content=\"Dur\u00e9e de lecture est.\" \/>\n\t<meta name=\"twitter:data1\" content=\"1 minute\" \/>\n<script type=\"application\/ld+json\" class=\"yoast-schema-graph\">{\"@context\":\"https:\/\/schema.org\",\"@graph\":[{\"@type\":\"WebPage\",\"@id\":\"https:\/\/ai4lp.com\/ai-and-liberal-professions\/\",\"url\":\"https:\/\/ai4lp.com\/ai-and-liberal-professions\/\",\"name\":\"AI and liberal professions - Artificial intelligence fot liberal professions\",\"isPartOf\":{\"@id\":\"https:\/\/ai4lp.com\/#website\"},\"primaryImageOfPage\":{\"@id\":\"https:\/\/ai4lp.com\/ai-and-liberal-professions\/#primaryimage\"},\"image\":{\"@id\":\"https:\/\/ai4lp.com\/ai-and-liberal-professions\/#primaryimage\"},\"thumbnailUrl\":\"https:\/\/ai4lp.com\/wp-content\/uploads\/2025\/07\/team_meeting.webp\",\"datePublished\":\"2025-07-29T09:28:21+00:00\",\"dateModified\":\"2025-08-18T05:55:42+00:00\",\"breadcrumb\":{\"@id\":\"https:\/\/ai4lp.com\/ai-and-liberal-professions\/#breadcrumb\"},\"inLanguage\":\"fr-BE\",\"potentialAction\":[{\"@type\":\"ReadAction\",\"target\":[\"https:\/\/ai4lp.com\/ai-and-liberal-professions\/\"]}]},{\"@type\":\"ImageObject\",\"inLanguage\":\"fr-BE\",\"@id\":\"https:\/\/ai4lp.com\/ai-and-liberal-professions\/#primaryimage\",\"url\":\"https:\/\/ai4lp.com\/wp-content\/uploads\/2025\/07\/team_meeting.webp\",\"contentUrl\":\"https:\/\/ai4lp.com\/wp-content\/uploads\/2025\/07\/team_meeting.webp\"},{\"@type\":\"BreadcrumbList\",\"@id\":\"https:\/\/ai4lp.com\/ai-and-liberal-professions\/#breadcrumb\",\"itemListElement\":[{\"@type\":\"ListItem\",\"position\":1,\"name\":\"Accueil\",\"item\":\"https:\/\/ai4lp.com\/\"},{\"@type\":\"ListItem\",\"position\":2,\"name\":\"AI and liberal professions\"}]},{\"@type\":\"WebSite\",\"@id\":\"https:\/\/ai4lp.com\/#website\",\"url\":\"https:\/\/ai4lp.com\/\",\"name\":\"Artificial intelligence fot liberal professions\",\"description\":\"\",\"publisher\":{\"@id\":\"https:\/\/ai4lp.com\/#organization\"},\"potentialAction\":[{\"@type\":\"SearchAction\",\"target\":{\"@type\":\"EntryPoint\",\"urlTemplate\":\"https:\/\/ai4lp.com\/?s={search_term_string}\"},\"query-input\":{\"@type\":\"PropertyValueSpecification\",\"valueRequired\":true,\"valueName\":\"search_term_string\"}}],\"inLanguage\":\"fr-BE\"},{\"@type\":\"Organization\",\"@id\":\"https:\/\/ai4lp.com\/#organization\",\"name\":\"Artificial intelligence fot liberal professions\",\"url\":\"https:\/\/ai4lp.com\/\",\"logo\":{\"@type\":\"ImageObject\",\"inLanguage\":\"fr-BE\",\"@id\":\"https:\/\/ai4lp.com\/#\/schema\/logo\/image\/\",\"url\":\"https:\/\/ai4lp.com\/wp-content\/uploads\/2025\/07\/cropped-cropped-chatgptimagejun8202511_21_18pm.webp\",\"contentUrl\":\"https:\/\/ai4lp.com\/wp-content\/uploads\/2025\/07\/cropped-cropped-chatgptimagejun8202511_21_18pm.webp\",\"width\":415,\"height\":158,\"caption\":\"Artificial intelligence fot  liberal professions\"},\"image\":{\"@id\":\"https:\/\/ai4lp.com\/#\/schema\/logo\/image\/\"}}]}<\/script>\n<!-- \/ Yoast SEO plugin. -->","yoast_head_json":{"title":"L'IA et les professions lib\u00e9rales - L'intelligence artificielle au service des professions lib\u00e9rales","robots":{"index":"index","follow":"follow","max-snippet":"max-snippet:-1","max-image-preview":"max-image-preview:large","max-video-preview":"max-video-preview:-1"},"canonical":"https:\/\/ai4lp.com\/fr\/ai-and-liberal-professions\/","og_locale":"fr_FR","og_type":"article","og_title":"AI and liberal professions - Artificial intelligence fot liberal professions","og_description":"Home Make An Appointment About Us Welcome to our website Liberal professions are being transformed by invisible forces: AI tools that draft, suggest, triage, diagnose.These tools are often embedded, non-transparent, and poorly governed.Yet the core of liberal professions\u2019 work is relational, ethical, and grounded in trust.AI introduces new asymmetries, accelerates processes, and dilutes professional discretion.Without [&hellip;]","og_url":"https:\/\/ai4lp.com\/fr\/ai-and-liberal-professions\/","og_site_name":"Artificial intelligence fot liberal professions","article_modified_time":"2025-08-18T05:55:42+00:00","og_image":[{"width":612,"height":408,"url":"https:\/\/ai4lp.com\/wp-content\/uploads\/2025\/07\/team_meeting.webp","type":"image\/webp"}],"twitter_card":"summary_large_image","twitter_misc":{"Dur\u00e9e de lecture est.":"1 minute"},"schema":{"@context":"https:\/\/schema.org","@graph":[{"@type":"WebPage","@id":"https:\/\/ai4lp.com\/ai-and-liberal-professions\/","url":"https:\/\/ai4lp.com\/ai-and-liberal-professions\/","name":"L'IA et les professions lib\u00e9rales - L'intelligence artificielle au service des professions lib\u00e9rales","isPartOf":{"@id":"https:\/\/ai4lp.com\/#website"},"primaryImageOfPage":{"@id":"https:\/\/ai4lp.com\/ai-and-liberal-professions\/#primaryimage"},"image":{"@id":"https:\/\/ai4lp.com\/ai-and-liberal-professions\/#primaryimage"},"thumbnailUrl":"https:\/\/ai4lp.com\/wp-content\/uploads\/2025\/07\/team_meeting.webp","datePublished":"2025-07-29T09:28:21+00:00","dateModified":"2025-08-18T05:55:42+00:00","breadcrumb":{"@id":"https:\/\/ai4lp.com\/ai-and-liberal-professions\/#breadcrumb"},"inLanguage":"fr-BE","potentialAction":[{"@type":"ReadAction","target":["https:\/\/ai4lp.com\/ai-and-liberal-professions\/"]}]},{"@type":"ImageObject","inLanguage":"fr-BE","@id":"https:\/\/ai4lp.com\/ai-and-liberal-professions\/#primaryimage","url":"https:\/\/ai4lp.com\/wp-content\/uploads\/2025\/07\/team_meeting.webp","contentUrl":"https:\/\/ai4lp.com\/wp-content\/uploads\/2025\/07\/team_meeting.webp"},{"@type":"BreadcrumbList","@id":"https:\/\/ai4lp.com\/ai-and-liberal-professions\/#breadcrumb","itemListElement":[{"@type":"ListItem","position":1,"name":"Accueil","item":"https:\/\/ai4lp.com\/"},{"@type":"ListItem","position":2,"name":"AI and liberal professions"}]},{"@type":"WebSite","@id":"https:\/\/ai4lp.com\/#website","url":"https:\/\/ai4lp.com\/","name":"L'intelligence artificielle pour les professions lib\u00e9rales","description":"","publisher":{"@id":"https:\/\/ai4lp.com\/#organization"},"potentialAction":[{"@type":"SearchAction","target":{"@type":"EntryPoint","urlTemplate":"https:\/\/ai4lp.com\/?s={search_term_string}"},"query-input":{"@type":"PropertyValueSpecification","valueRequired":true,"valueName":"search_term_string"}}],"inLanguage":"fr-BE"},{"@type":"Organization","@id":"https:\/\/ai4lp.com\/#organization","name":"L'intelligence artificielle pour les professions lib\u00e9rales","url":"https:\/\/ai4lp.com\/","logo":{"@type":"ImageObject","inLanguage":"fr-BE","@id":"https:\/\/ai4lp.com\/#\/schema\/logo\/image\/","url":"https:\/\/ai4lp.com\/wp-content\/uploads\/2025\/07\/cropped-cropped-chatgptimagejun8202511_21_18pm.webp","contentUrl":"https:\/\/ai4lp.com\/wp-content\/uploads\/2025\/07\/cropped-cropped-chatgptimagejun8202511_21_18pm.webp","width":415,"height":158,"caption":"Artificial intelligence fot  liberal professions"},"image":{"@id":"https:\/\/ai4lp.com\/#\/schema\/logo\/image\/"}}]}},"_links":{"self":[{"href":"https:\/\/ai4lp.com\/fr\/wp-json\/wp\/v2\/pages\/22","targetHints":{"allow":["GET"]}}],"collection":[{"href":"https:\/\/ai4lp.com\/fr\/wp-json\/wp\/v2\/pages"}],"about":[{"href":"https:\/\/ai4lp.com\/fr\/wp-json\/wp\/v2\/types\/page"}],"author":[{"embeddable":true,"href":"https:\/\/ai4lp.com\/fr\/wp-json\/wp\/v2\/users\/1"}],"replies":[{"embeddable":true,"href":"https:\/\/ai4lp.com\/fr\/wp-json\/wp\/v2\/comments?post=22"}],"version-history":[{"count":28,"href":"https:\/\/ai4lp.com\/fr\/wp-json\/wp\/v2\/pages\/22\/revisions"}],"predecessor-version":[{"id":353,"href":"https:\/\/ai4lp.com\/fr\/wp-json\/wp\/v2\/pages\/22\/revisions\/353"}],"wp:attachment":[{"href":"https:\/\/ai4lp.com\/fr\/wp-json\/wp\/v2\/media?parent=22"}],"curies":[{"name":"wp","href":"https:\/\/api.w.org\/{rel}","templated":true}]}}