{"id":25,"date":"2025-07-29T09:28:21","date_gmt":"2025-07-29T09:28:21","guid":{"rendered":"https:\/\/ai4lp.com\/?page_id=25"},"modified":"2025-08-18T05:57:39","modified_gmt":"2025-08-18T05:57:39","slug":"ai-via","status":"publish","type":"page","link":"https:\/\/ai4lp.com\/fr\/ai-via\/","title":{"rendered":"AI-VIA"},"content":{"rendered":"<div data-elementor-type=\"wp-page\" data-elementor-id=\"25\" class=\"elementor elementor-25\" data-elementor-post-type=\"page\">\n\t\t\t\t<div class=\"elementor-element elementor-element-ec8bfc2 e-flex e-con-boxed e-con e-parent\" data-id=\"ec8bfc2\" data-element_type=\"container\" data-settings=\"{&quot;background_background&quot;:&quot;classic&quot;}\">\n\t\t\t\t\t<div class=\"e-con-inner\">\n\t\t<div class=\"elementor-element elementor-element-b92b5b8 e-con-full e-flex e-con e-child\" data-id=\"b92b5b8\" data-element_type=\"container\">\n\t\t\t\t<div class=\"elementor-element elementor-element-3ba1a81 elementor-widget elementor-widget-heading\" data-id=\"3ba1a81\" data-element_type=\"widget\" data-widget_type=\"heading.default\">\n\t\t\t\t\t<h1 class=\"elementor-heading-title elementor-size-default\">AI-VIA<\/h1>\t\t\t\t<\/div>\n\t\t\t\t<div class=\"elementor-element elementor-element-3bd9a2e elementor-icon-list--layout-inline elementor-list-item-link-full_width elementor-widget elementor-widget-icon-list\" data-id=\"3bd9a2e\" data-element_type=\"widget\" data-widget_type=\"icon-list.default\">\n\t\t\t\t\t\t\t<ul class=\"elementor-icon-list-items elementor-inline-items\">\n\t\t\t\t\t\t\t<li class=\"elementor-icon-list-item elementor-inline-item\">\n\t\t\t\t\t\t\t\t\t\t\t<a href=\"\/fr\/\">\n\n\t\t\t\t\t\t\t\t\t\t\t\t<span class=\"elementor-icon-list-icon\">\n\t\t\t\t\t\t\t<i aria-hidden=\"true\" class=\"uic xlslim-building\"><\/i>\t\t\t\t\t\t<\/span>\n\t\t\t\t\t\t\t\t\t\t<span class=\"elementor-icon-list-text\">Accueil<\/span>\n\t\t\t\t\t\t\t\t\t\t\t<\/a>\n\t\t\t\t\t\t\t\t\t<\/li>\n\t\t\t\t\t\t\t\t<li class=\"elementor-icon-list-item elementor-inline-item\">\n\t\t\t\t\t\t\t\t\t\t\t<span class=\"elementor-icon-list-icon\">\n\t\t\t\t\t\t\t<i aria-hidden=\"true\" class=\"material-icons md-keyboard_arrow_right\"><\/i>\t\t\t\t\t\t<\/span>\n\t\t\t\t\t\t\t\t\t\t<span class=\"elementor-icon-list-text\">AI-VIA<\/span>\n\t\t\t\t\t\t\t\t\t<\/li>\n\t\t\t\t\t\t<\/ul>\n\t\t\t\t\t\t<\/div>\n\t\t\t\t<\/div>\n\t\t<div class=\"elementor-element elementor-element-ee8d35e e-con-full e-flex e-con e-child\" data-id=\"ee8d35e\" data-element_type=\"container\">\n\t\t\t\t<div class=\"elementor-element elementor-element-63ad262 elementor-widget elementor-widget-button\" data-id=\"63ad262\" data-element_type=\"widget\" data-widget_type=\"button.default\">\n\t\t\t\t\t\t\t\t\t\t<a class=\"elementor-button elementor-button-link elementor-size-sm\" href=\"https:\/\/ai4lp.com\/fr\/contact\/\">\n\t\t\t\t\t\t<span class=\"elementor-button-content-wrapper\">\n\t\t\t\t\t\t\t\t\t<span class=\"elementor-button-text\">Prendre rendez-vous<\/span>\n\t\t\t\t\t<\/span>\n\t\t\t\t\t<\/a>\n\t\t\t\t\t\t\t\t<\/div>\n\t\t\t\t<div class=\"elementor-element elementor-element-47281db elementor-widget elementor-widget-button\" data-id=\"47281db\" data-element_type=\"widget\" data-widget_type=\"button.default\">\n\t\t\t\t\t\t\t\t\t\t<a class=\"elementor-button elementor-button-link elementor-size-sm\" href=\"https:\/\/ai4lp.com\/fr\/about-us\/\">\n\t\t\t\t\t\t<span class=\"elementor-button-content-wrapper\">\n\t\t\t\t\t\t\t\t\t<span class=\"elementor-button-text\">\u00c0 propos de nous<\/span>\n\t\t\t\t\t<\/span>\n\t\t\t\t\t<\/a>\n\t\t\t\t\t\t\t\t<\/div>\n\t\t\t\t<\/div>\n\t\t\t\t\t<\/div>\n\t\t\t\t<\/div>\n\t\t<div class=\"elementor-element elementor-element-7a2b2bc e-flex e-con-boxed e-con e-parent\" data-id=\"7a2b2bc\" data-element_type=\"container\" data-settings=\"{&quot;background_background&quot;:&quot;classic&quot;}\">\n\t\t\t\t\t<div class=\"e-con-inner\">\n\t\t<div class=\"elementor-element elementor-element-f0ad62b e-grid e-con-full e-con e-child\" data-id=\"f0ad62b\" data-element_type=\"container\">\n\t\t\t\t<div class=\"elementor-element elementor-element-51cc770 elementor-view-stacked carte1 elementor-shape-circle elementor-position-top elementor-mobile-position-top elementor-widget elementor-widget-icon-box\" data-id=\"51cc770\" data-element_type=\"widget\" data-widget_type=\"icon-box.default\">\n\t\t\t\t\t\t\t<div class=\"elementor-icon-box-wrapper\">\n\n\t\t\t\t\t\t<div class=\"elementor-icon-box-icon\">\n\t\t\t\t<span  class=\"elementor-icon\">\n\t\t\t\t<i aria-hidden=\"true\" class=\"elusive el-icon-list-alt\"><\/i>\t\t\t\t<\/span>\n\t\t\t<\/div>\n\t\t\t\n\t\t\t\t\t\t<div class=\"elementor-icon-box-content\">\n\n\t\t\t\t\t\t\t\t\t<h3 class=\"elementor-icon-box-title\">\n\t\t\t\t\t\t<span  >\n\t\t\t\t\t\t\tD\u00e9finition du contexte et cartographie des risques\t\t\t\t\t\t<\/span>\n\t\t\t\t\t<\/h3>\n\t\t\t\t\n\t\t\t\t\t\t\t\t\t<p class=\"elementor-icon-box-description\">\n\t\t\t\t\t\tIdentifier les activit\u00e9s sp\u00e9cifiques impliquant l'IA au sein de la profession lib\u00e9rale, \u00e9valuer leur objectif, leur port\u00e9e et leur lien avec les obligations et les valeurs professionnelles. Identifier les risques \u00e9thiques, juridiques et techniques associ\u00e9s.\t\t\t\t\t<\/p>\n\t\t\t\t\n\t\t\t<\/div>\n\t\t\t\n\t\t<\/div>\n\t\t\t\t\t\t<\/div>\n\t\t\t\t<div class=\"elementor-element elementor-element-aa4d802 elementor-view-stacked carte1 elementor-shape-circle elementor-position-top elementor-mobile-position-top elementor-widget elementor-widget-icon-box\" data-id=\"aa4d802\" data-element_type=\"widget\" data-widget_type=\"icon-box.default\">\n\t\t\t\t\t\t\t<div class=\"elementor-icon-box-wrapper\">\n\n\t\t\t\t\t\t<div class=\"elementor-icon-box-icon\">\n\t\t\t\t<span  class=\"elementor-icon\">\n\t\t\t\t<i aria-hidden=\"true\" class=\"uic fi-rr-handshake\"><\/i>\t\t\t\t<\/span>\n\t\t\t<\/div>\n\t\t\t\n\t\t\t\t\t\t<div class=\"elementor-icon-box-content\">\n\n\t\t\t\t\t\t\t\t\t<h3 class=\"elementor-icon-box-title\">\n\t\t\t\t\t\t<span  >\n\t\t\t\t\t\t\tIdentification des parties prenantes et de l'impact\t\t\t\t\t\t<\/span>\n\t\t\t\t\t<\/h3>\n\t\t\t\t\n\t\t\t\t\t\t\t\t\t<p class=\"elementor-icon-box-description\">\n\t\t\t\t\t\tD\u00e9terminer qui peut \u00eatre directement ou indirectement affect\u00e9 (clients, patients, coll\u00e8gues, autorit\u00e9s). Anticiper les impacts pr\u00e9visibles \u00e0 la lumi\u00e8re des devoirs, des droits et de la fonction sociale du professionnel.\t\t\t\t\t<\/p>\n\t\t\t\t\n\t\t\t<\/div>\n\t\t\t\n\t\t<\/div>\n\t\t\t\t\t\t<\/div>\n\t\t\t\t<div class=\"elementor-element elementor-element-e069e9c elementor-view-stacked carte1 elementor-shape-circle elementor-position-top elementor-mobile-position-top elementor-widget elementor-widget-icon-box\" data-id=\"e069e9c\" data-element_type=\"widget\" data-widget_type=\"icon-box.default\">\n\t\t\t\t\t\t\t<div class=\"elementor-icon-box-wrapper\">\n\n\t\t\t\t\t\t<div class=\"elementor-icon-box-icon\">\n\t\t\t\t<span  class=\"elementor-icon\">\n\t\t\t\t<i aria-hidden=\"true\" class=\"xlwpf wppb-font-balance2\"><\/i>\t\t\t\t<\/span>\n\t\t\t<\/div>\n\t\t\t\n\t\t\t\t\t\t<div class=\"elementor-icon-box-content\">\n\n\t\t\t\t\t\t\t\t\t<h3 class=\"elementor-icon-box-title\">\n\t\t\t\t\t\t<span  >\n\t\t\t\t\t\t\tExamen du cadre juridique et \u00e9thique\t\t\t\t\t\t<\/span>\n\t\t\t\t\t<\/h3>\n\t\t\t\t\n\t\t\t\t\t\t\t\t\t<p class=\"elementor-icon-box-description\">\n\t\t\t\t\t\tAnalyser les normes juridiques applicables (par exemple, GDPR, AI Act, codes de conduite professionnels) et les principes \u00e9thiques. Mettre en \u00e9vidence les zones d'incertitude ou les tensions possibles.\t\t\t\t\t<\/p>\n\t\t\t\t\n\t\t\t<\/div>\n\t\t\t\n\t\t<\/div>\n\t\t\t\t\t\t<\/div>\n\t\t\t\t<div class=\"elementor-element elementor-element-183013c elementor-view-stacked carte1 elementor-shape-circle elementor-position-top elementor-mobile-position-top elementor-widget elementor-widget-icon-box\" data-id=\"183013c\" data-element_type=\"widget\" data-widget_type=\"icon-box.default\">\n\t\t\t\t\t\t\t<div class=\"elementor-icon-box-wrapper\">\n\n\t\t\t\t\t\t<div class=\"elementor-icon-box-icon\">\n\t\t\t\t<span  class=\"elementor-icon\">\n\t\t\t\t<i aria-hidden=\"true\" class=\"uic ms-Icon--CompanyDirectoryMirrored\"><\/i>\t\t\t\t<\/span>\n\t\t\t<\/div>\n\t\t\t\n\t\t\t\t\t\t<div class=\"elementor-icon-box-content\">\n\n\t\t\t\t\t\t\t\t\t<h3 class=\"elementor-icon-box-title\">\n\t\t\t\t\t\t<span  >\n\t\t\t\t\t\t\t\u00c9valuation de l'impact et conception des mesures d'att\u00e9nuation\t\t\t\t\t\t<\/span>\n\t\t\t\t\t<\/h3>\n\t\t\t\t\n\t\t\t\t\t\t\t\t\t<p class=\"elementor-icon-box-description\">\n\t\t\t\t\t\t\u00c9valuer les risques et les d\u00e9fis soulev\u00e9s par l'application de l'IA. Proposer des garanties, des mesures de responsabilit\u00e9 et des strat\u00e9gies d'att\u00e9nuation conformes aux valeurs de la profession lib\u00e9rale.\t\t\t\t\t<\/p>\n\t\t\t\t\n\t\t\t<\/div>\n\t\t\t\n\t\t<\/div>\n\t\t\t\t\t\t<\/div>\n\t\t\t\t<div class=\"elementor-element elementor-element-035d03c elementor-view-stacked carte1 elementor-shape-circle elementor-position-top elementor-mobile-position-top elementor-widget elementor-widget-icon-box\" data-id=\"035d03c\" data-element_type=\"widget\" data-widget_type=\"icon-box.default\">\n\t\t\t\t\t\t\t<div class=\"elementor-icon-box-wrapper\">\n\n\t\t\t\t\t\t<div class=\"elementor-icon-box-icon\">\n\t\t\t\t<span  class=\"elementor-icon\">\n\t\t\t\t<i aria-hidden=\"true\" class=\"hm hm-direction-both\"><\/i>\t\t\t\t<\/span>\n\t\t\t<\/div>\n\t\t\t\n\t\t\t\t\t\t<div class=\"elementor-icon-box-content\">\n\n\t\t\t\t\t\t\t\t\t<h3 class=\"elementor-icon-box-title\">\n\t\t\t\t\t\t<span  >\n\t\t\t\t\t\t\tPrise de d\u00e9cision et validation\t\t\t\t\t\t<\/span>\n\t\t\t\t\t<\/h3>\n\t\t\t\t\n\t\t\t\t\t\t\t\t\t<p class=\"elementor-icon-box-description\">\n\t\t\t\t\t\tD\u00e9cider si et dans quelles conditions le syst\u00e8me d'IA peut \u00eatre utilis\u00e9. Veiller \u00e0 ce que la conclusion soit coh\u00e9rente avec l'examen juridique, les strat\u00e9gies d'att\u00e9nuation et la responsabilit\u00e9 professionnelle.\t\t\t\t\t<\/p>\n\t\t\t\t\n\t\t\t<\/div>\n\t\t\t\n\t\t<\/div>\n\t\t\t\t\t\t<\/div>\n\t\t\t\t<div class=\"elementor-element elementor-element-91c9efe elementor-view-stacked carte1 elementor-shape-circle elementor-position-top elementor-mobile-position-top elementor-widget elementor-widget-icon-box\" data-id=\"91c9efe\" data-element_type=\"widget\" data-widget_type=\"icon-box.default\">\n\t\t\t\t\t\t\t<div class=\"elementor-icon-box-wrapper\">\n\n\t\t\t\t\t\t<div class=\"elementor-icon-box-icon\">\n\t\t\t\t<span  class=\"elementor-icon\">\n\t\t\t\t<i aria-hidden=\"true\" class=\"phl phlight-hand-coins\"><\/i>\t\t\t\t<\/span>\n\t\t\t<\/div>\n\t\t\t\n\t\t\t\t\t\t<div class=\"elementor-icon-box-content\">\n\n\t\t\t\t\t\t\t\t\t<h3 class=\"elementor-icon-box-title\">\n\t\t\t\t\t\t<span  >\n\t\t\t\t\t\t\tDocumentation et conservation\t\t\t\t\t\t<\/span>\n\t\t\t\t\t<\/h3>\n\t\t\t\t\n\t\t\t\t\t\t\t\t\t<p class=\"elementor-icon-box-description\">\n\t\t\t\t\t\tPr\u00e9parer un rapport d\u00e9taill\u00e9 expliquant le raisonnement qui sous-tend chaque \u00e9tape. Conservez le rapport en toute s\u00e9curit\u00e9 afin de d\u00e9montrer votre diligence en cas d'audit, de litige avec un client ou de contr\u00f4le r\u00e9glementaire.\t\t\t\t\t<\/p>\n\t\t\t\t\n\t\t\t<\/div>\n\t\t\t\n\t\t<\/div>\n\t\t\t\t\t\t<\/div>\n\t\t<div class=\"elementor-element elementor-element-1262cd1 e-con-full elementor-hidden-mobile e-flex e-con e-child\" data-id=\"1262cd1\" data-element_type=\"container\">\n\t\t\t\t<\/div>\n\t\t\t\t<div class=\"elementor-element elementor-element-466e74b elementor-view-stacked carte1 elementor-shape-circle elementor-position-top elementor-mobile-position-top elementor-widget elementor-widget-icon-box\" data-id=\"466e74b\" data-element_type=\"widget\" data-widget_type=\"icon-box.default\">\n\t\t\t\t\t\t\t<div class=\"elementor-icon-box-wrapper\">\n\n\t\t\t\t\t\t<div class=\"elementor-icon-box-icon\">\n\t\t\t\t<span  class=\"elementor-icon\">\n\t\t\t\t<i aria-hidden=\"true\" class=\"hm hm-cog\"><\/i>\t\t\t\t<\/span>\n\t\t\t<\/div>\n\t\t\t\n\t\t\t\t\t\t<div class=\"elementor-icon-box-content\">\n\n\t\t\t\t\t\t\t\t\t<h3 class=\"elementor-icon-box-title\">\n\t\t\t\t\t\t<span  >\n\t\t\t\t\t\t\tExamen et am\u00e9lioration continue\t\t\t\t\t\t<\/span>\n\t\t\t\t\t<\/h3>\n\t\t\t\t\n\t\t\t\t\t\t\t\t\t<p class=\"elementor-icon-box-description\">\n\t\t\t\t\t\t\u00c9tablir un plan pour revoir p\u00e9riodiquement l'\u00e9valuation, en particulier \u00e0 la lumi\u00e8re des changements apport\u00e9s au syst\u00e8me, \u00e0 la loi ou au contexte professionnel. Promouvoir une culture de la responsabilit\u00e9 et de l'adaptabilit\u00e9.\t\t\t\t\t<\/p>\n\t\t\t\t\n\t\t\t<\/div>\n\t\t\t\n\t\t<\/div>\n\t\t\t\t\t\t<\/div>\n\t\t\t\t<\/div>\n\t\t\t\t\t<\/div>\n\t\t\t\t<\/div>\n\t\t\t\t<\/div>","protected":false},"excerpt":{"rendered":"<p>Accueil Prendre un rendez-vous A propos de nous D\u00e9finition du contexte et cartographie des risques Identifier les activit\u00e9s sp\u00e9cifiques impliquant l'IA au sein de la profession lib\u00e9rale, \u00e9valuer leur objectif, leur port\u00e9e et leur lien avec les obligations et les valeurs professionnelles. Cartographier les risques \u00e9thiques, juridiques et techniques associ\u00e9s. Identification des parties prenantes et de l'impact D\u00e9terminer qui peut \u00eatre directement ou indirectement affect\u00e9 (clients, patients, coll\u00e8gues, autorit\u00e9s). [...]<\/p>","protected":false},"author":1,"featured_media":0,"parent":0,"menu_order":0,"comment_status":"closed","ping_status":"closed","template":"","meta":{"footnotes":""},"class_list":["post-25","page","type-page","status-publish","hentry"],"yoast_head":"<!-- This site is optimized with the Yoast SEO plugin v26.3 - https:\/\/yoast.com\/wordpress\/plugins\/seo\/ -->\n<title>AI-VIA - Artificial intelligence fot liberal professions<\/title>\n<meta name=\"robots\" content=\"index, follow, max-snippet:-1, max-image-preview:large, max-video-preview:-1\" \/>\n<link rel=\"canonical\" href=\"https:\/\/ai4lp.com\/fr\/ai-via\/\" \/>\n<meta property=\"og:locale\" content=\"fr_FR\" \/>\n<meta property=\"og:type\" content=\"article\" \/>\n<meta property=\"og:title\" content=\"AI-VIA - Artificial intelligence fot liberal professions\" \/>\n<meta property=\"og:description\" content=\"Home Make An Appointment About Us Context Definition and Risk Mapping Identify the specific activities involving AI within the liberal profession, assess their purpose, scope, and link to professional duties and values. Map associated ethical, legal, and technical risks. Stakeholder and Impact Identification Determine who may be directly or indirectly affected (clients, patients, colleagues, authorities). [&hellip;]\" \/>\n<meta property=\"og:url\" content=\"https:\/\/ai4lp.com\/fr\/ai-via\/\" \/>\n<meta property=\"og:site_name\" content=\"Artificial intelligence fot liberal professions\" \/>\n<meta property=\"article:modified_time\" content=\"2025-08-18T05:57:39+00:00\" \/>\n<meta name=\"twitter:card\" content=\"summary_large_image\" \/>\n<meta name=\"twitter:label1\" content=\"Dur\u00e9e de lecture est.\" \/>\n\t<meta name=\"twitter:data1\" content=\"2 minutes\" \/>\n<script type=\"application\/ld+json\" class=\"yoast-schema-graph\">{\"@context\":\"https:\/\/schema.org\",\"@graph\":[{\"@type\":\"WebPage\",\"@id\":\"https:\/\/ai4lp.com\/ai-via\/\",\"url\":\"https:\/\/ai4lp.com\/ai-via\/\",\"name\":\"AI-VIA - Artificial intelligence fot liberal professions\",\"isPartOf\":{\"@id\":\"https:\/\/ai4lp.com\/#website\"},\"datePublished\":\"2025-07-29T09:28:21+00:00\",\"dateModified\":\"2025-08-18T05:57:39+00:00\",\"breadcrumb\":{\"@id\":\"https:\/\/ai4lp.com\/ai-via\/#breadcrumb\"},\"inLanguage\":\"fr-BE\",\"potentialAction\":[{\"@type\":\"ReadAction\",\"target\":[\"https:\/\/ai4lp.com\/ai-via\/\"]}]},{\"@type\":\"BreadcrumbList\",\"@id\":\"https:\/\/ai4lp.com\/ai-via\/#breadcrumb\",\"itemListElement\":[{\"@type\":\"ListItem\",\"position\":1,\"name\":\"Accueil\",\"item\":\"https:\/\/ai4lp.com\/\"},{\"@type\":\"ListItem\",\"position\":2,\"name\":\"AI-VIA\"}]},{\"@type\":\"WebSite\",\"@id\":\"https:\/\/ai4lp.com\/#website\",\"url\":\"https:\/\/ai4lp.com\/\",\"name\":\"Artificial intelligence fot liberal professions\",\"description\":\"\",\"publisher\":{\"@id\":\"https:\/\/ai4lp.com\/#organization\"},\"potentialAction\":[{\"@type\":\"SearchAction\",\"target\":{\"@type\":\"EntryPoint\",\"urlTemplate\":\"https:\/\/ai4lp.com\/?s={search_term_string}\"},\"query-input\":{\"@type\":\"PropertyValueSpecification\",\"valueRequired\":true,\"valueName\":\"search_term_string\"}}],\"inLanguage\":\"fr-BE\"},{\"@type\":\"Organization\",\"@id\":\"https:\/\/ai4lp.com\/#organization\",\"name\":\"Artificial intelligence fot liberal professions\",\"url\":\"https:\/\/ai4lp.com\/\",\"logo\":{\"@type\":\"ImageObject\",\"inLanguage\":\"fr-BE\",\"@id\":\"https:\/\/ai4lp.com\/#\/schema\/logo\/image\/\",\"url\":\"https:\/\/ai4lp.com\/wp-content\/uploads\/2025\/07\/cropped-cropped-chatgptimagejun8202511_21_18pm.webp\",\"contentUrl\":\"https:\/\/ai4lp.com\/wp-content\/uploads\/2025\/07\/cropped-cropped-chatgptimagejun8202511_21_18pm.webp\",\"width\":415,\"height\":158,\"caption\":\"Artificial intelligence fot  liberal professions\"},\"image\":{\"@id\":\"https:\/\/ai4lp.com\/#\/schema\/logo\/image\/\"}}]}<\/script>\n<!-- \/ Yoast SEO plugin. -->","yoast_head_json":{"title":"AI-VIA - Intelligence artificielle pour les professions lib\u00e9rales","robots":{"index":"index","follow":"follow","max-snippet":"max-snippet:-1","max-image-preview":"max-image-preview:large","max-video-preview":"max-video-preview:-1"},"canonical":"https:\/\/ai4lp.com\/fr\/ai-via\/","og_locale":"fr_FR","og_type":"article","og_title":"AI-VIA - Artificial intelligence fot liberal professions","og_description":"Home Make An Appointment About Us Context Definition and Risk Mapping Identify the specific activities involving AI within the liberal profession, assess their purpose, scope, and link to professional duties and values. Map associated ethical, legal, and technical risks. Stakeholder and Impact Identification Determine who may be directly or indirectly affected (clients, patients, colleagues, authorities). [&hellip;]","og_url":"https:\/\/ai4lp.com\/fr\/ai-via\/","og_site_name":"Artificial intelligence fot liberal professions","article_modified_time":"2025-08-18T05:57:39+00:00","twitter_card":"summary_large_image","twitter_misc":{"Dur\u00e9e de lecture est.":"2 minutes"},"schema":{"@context":"https:\/\/schema.org","@graph":[{"@type":"WebPage","@id":"https:\/\/ai4lp.com\/ai-via\/","url":"https:\/\/ai4lp.com\/ai-via\/","name":"AI-VIA - Intelligence artificielle pour les professions lib\u00e9rales","isPartOf":{"@id":"https:\/\/ai4lp.com\/#website"},"datePublished":"2025-07-29T09:28:21+00:00","dateModified":"2025-08-18T05:57:39+00:00","breadcrumb":{"@id":"https:\/\/ai4lp.com\/ai-via\/#breadcrumb"},"inLanguage":"fr-BE","potentialAction":[{"@type":"ReadAction","target":["https:\/\/ai4lp.com\/ai-via\/"]}]},{"@type":"BreadcrumbList","@id":"https:\/\/ai4lp.com\/ai-via\/#breadcrumb","itemListElement":[{"@type":"ListItem","position":1,"name":"Accueil","item":"https:\/\/ai4lp.com\/"},{"@type":"ListItem","position":2,"name":"AI-VIA"}]},{"@type":"WebSite","@id":"https:\/\/ai4lp.com\/#website","url":"https:\/\/ai4lp.com\/","name":"L'intelligence artificielle pour les professions lib\u00e9rales","description":"","publisher":{"@id":"https:\/\/ai4lp.com\/#organization"},"potentialAction":[{"@type":"SearchAction","target":{"@type":"EntryPoint","urlTemplate":"https:\/\/ai4lp.com\/?s={search_term_string}"},"query-input":{"@type":"PropertyValueSpecification","valueRequired":true,"valueName":"search_term_string"}}],"inLanguage":"fr-BE"},{"@type":"Organization","@id":"https:\/\/ai4lp.com\/#organization","name":"L'intelligence artificielle pour les professions lib\u00e9rales","url":"https:\/\/ai4lp.com\/","logo":{"@type":"ImageObject","inLanguage":"fr-BE","@id":"https:\/\/ai4lp.com\/#\/schema\/logo\/image\/","url":"https:\/\/ai4lp.com\/wp-content\/uploads\/2025\/07\/cropped-cropped-chatgptimagejun8202511_21_18pm.webp","contentUrl":"https:\/\/ai4lp.com\/wp-content\/uploads\/2025\/07\/cropped-cropped-chatgptimagejun8202511_21_18pm.webp","width":415,"height":158,"caption":"Artificial intelligence fot  liberal professions"},"image":{"@id":"https:\/\/ai4lp.com\/#\/schema\/logo\/image\/"}}]}},"_links":{"self":[{"href":"https:\/\/ai4lp.com\/fr\/wp-json\/wp\/v2\/pages\/25","targetHints":{"allow":["GET"]}}],"collection":[{"href":"https:\/\/ai4lp.com\/fr\/wp-json\/wp\/v2\/pages"}],"about":[{"href":"https:\/\/ai4lp.com\/fr\/wp-json\/wp\/v2\/types\/page"}],"author":[{"embeddable":true,"href":"https:\/\/ai4lp.com\/fr\/wp-json\/wp\/v2\/users\/1"}],"replies":[{"embeddable":true,"href":"https:\/\/ai4lp.com\/fr\/wp-json\/wp\/v2\/comments?post=25"}],"version-history":[{"count":20,"href":"https:\/\/ai4lp.com\/fr\/wp-json\/wp\/v2\/pages\/25\/revisions"}],"predecessor-version":[{"id":362,"href":"https:\/\/ai4lp.com\/fr\/wp-json\/wp\/v2\/pages\/25\/revisions\/362"}],"wp:attachment":[{"href":"https:\/\/ai4lp.com\/fr\/wp-json\/wp\/v2\/media?parent=25"}],"curies":[{"name":"wp","href":"https:\/\/api.w.org\/{rel}","templated":true}]}}