{"id":397,"date":"2025-08-29T19:46:22","date_gmt":"2025-08-29T19:46:22","guid":{"rendered":"https:\/\/ai4lp.com\/?page_id=397"},"modified":"2025-08-29T19:55:36","modified_gmt":"2025-08-29T19:55:36","slug":"term-of-use","status":"publish","type":"page","link":"https:\/\/ai4lp.com\/fr\/term-of-use\/","title":{"rendered":"Conditions d'utilisation"},"content":{"rendered":"<div data-elementor-type=\"wp-page\" data-elementor-id=\"397\" class=\"elementor elementor-397\" data-elementor-post-type=\"page\">\n\t\t\t\t<div class=\"elementor-element elementor-element-af9feac e-flex e-con-boxed e-con e-parent\" data-id=\"af9feac\" data-element_type=\"container\" data-settings=\"{&quot;background_background&quot;:&quot;classic&quot;}\">\n\t\t\t\t\t<div class=\"e-con-inner\">\n\t\t<div class=\"elementor-element elementor-element-00f9dbe e-con-full e-flex e-con e-child\" data-id=\"00f9dbe\" data-element_type=\"container\">\n\t\t\t\t<div class=\"elementor-element elementor-element-ed28c4b elementor-widget elementor-widget-heading\" data-id=\"ed28c4b\" data-element_type=\"widget\" data-widget_type=\"heading.default\">\n\t\t\t\t\t<h1 class=\"elementor-heading-title elementor-size-default\">Conditions d'utilisation<\/h1>\t\t\t\t<\/div>\n\t\t\t\t<div class=\"elementor-element elementor-element-dbd60ba elementor-icon-list--layout-inline elementor-list-item-link-full_width elementor-widget elementor-widget-icon-list\" data-id=\"dbd60ba\" data-element_type=\"widget\" data-widget_type=\"icon-list.default\">\n\t\t\t\t\t\t\t<ul class=\"elementor-icon-list-items elementor-inline-items\">\n\t\t\t\t\t\t\t<li class=\"elementor-icon-list-item elementor-inline-item\">\n\t\t\t\t\t\t\t\t\t\t\t<a href=\"\/fr\/\">\n\n\t\t\t\t\t\t\t\t\t\t\t\t<span class=\"elementor-icon-list-icon\">\n\t\t\t\t\t\t\t<i aria-hidden=\"true\" class=\"uic xlslim-building\"><\/i>\t\t\t\t\t\t<\/span>\n\t\t\t\t\t\t\t\t\t\t<span class=\"elementor-icon-list-text\">Accueil<\/span>\n\t\t\t\t\t\t\t\t\t\t\t<\/a>\n\t\t\t\t\t\t\t\t\t<\/li>\n\t\t\t\t\t\t\t\t<li class=\"elementor-icon-list-item elementor-inline-item\">\n\t\t\t\t\t\t\t\t\t\t\t<span class=\"elementor-icon-list-icon\">\n\t\t\t\t\t\t\t<i aria-hidden=\"true\" class=\"material-icons md-keyboard_arrow_right\"><\/i>\t\t\t\t\t\t<\/span>\n\t\t\t\t\t\t\t\t\t\t<span class=\"elementor-icon-list-text\">Conditions d'utilisation<\/span>\n\t\t\t\t\t\t\t\t\t<\/li>\n\t\t\t\t\t\t<\/ul>\n\t\t\t\t\t\t<\/div>\n\t\t\t\t<\/div>\n\t\t<div class=\"elementor-element elementor-element-58bcde2 e-con-full e-flex e-con e-child\" data-id=\"58bcde2\" data-element_type=\"container\">\n\t\t\t\t<div class=\"elementor-element elementor-element-69dbb59 elementor-widget elementor-widget-button\" data-id=\"69dbb59\" data-element_type=\"widget\" data-widget_type=\"button.default\">\n\t\t\t\t\t\t\t\t\t\t<a class=\"elementor-button elementor-button-link elementor-size-sm\" href=\"https:\/\/ai4lp.com\/fr\/contact\/\">\n\t\t\t\t\t\t<span class=\"elementor-button-content-wrapper\">\n\t\t\t\t\t\t\t\t\t<span class=\"elementor-button-text\">Prendre rendez-vous<\/span>\n\t\t\t\t\t<\/span>\n\t\t\t\t\t<\/a>\n\t\t\t\t\t\t\t\t<\/div>\n\t\t\t\t<div class=\"elementor-element elementor-element-9e9bf99 elementor-widget elementor-widget-button\" data-id=\"9e9bf99\" data-element_type=\"widget\" data-widget_type=\"button.default\">\n\t\t\t\t\t\t\t\t\t\t<a class=\"elementor-button elementor-button-link elementor-size-sm\" href=\"https:\/\/ai4lp.com\/fr\/ai-via\/\">\n\t\t\t\t\t\t<span class=\"elementor-button-content-wrapper\">\n\t\t\t\t\t\t\t\t\t<span class=\"elementor-button-text\">AI-VIA<\/span>\n\t\t\t\t\t<\/span>\n\t\t\t\t\t<\/a>\n\t\t\t\t\t\t\t\t<\/div>\n\t\t\t\t<\/div>\n\t\t\t\t\t<\/div>\n\t\t\t\t<\/div>\n\t\t<div class=\"elementor-element elementor-element-def4975 e-flex e-con-boxed e-con e-parent\" data-id=\"def4975\" data-element_type=\"container\">\n\t\t\t\t\t<div class=\"e-con-inner\">\n\t\t\t\t<div class=\"elementor-element elementor-element-106c0a5 elementor-widget elementor-widget-text-editor\" data-id=\"106c0a5\" data-element_type=\"widget\" data-widget_type=\"text-editor.default\">\n\t\t\t\t\t\t\t\t\t<div class=\"elementor-element elementor-element-1d95889 elementor-widget elementor-widget-pxl_text_editor\" data-id=\"1d95889\" data-element_type=\"widget\" data-widget_type=\"pxl_text_editor.default\"><div class=\"elementor-widget-container\"><div id=\"pxl_text_editor-1d95889-3585\" class=\"pxl-text-editor-wrap d-flex\"><div class=\"pxl-text-editor elementor-clearfix\"><p>Ce site web accessible par le nom de domaine principal bochonpartners.com et les noms de domaine connexes horizoneuropelegal.com, ai4lp.com et businessclaim.be (ci-apr\u00e8s le \"site web\") est d\u00e9tenu et exploit\u00e9 par LAW IN NOVATION SRL, op\u00e9rant sous le nom de \"BOCHON &amp; PARTNERS\", dont le si\u00e8ge social est situ\u00e9 Avenue Louise 480 bo\u00eete 11 \u00e0 1050 Bruxelles, inscrite \u00e0 la Banque Carrefour des Entreprises sous le num\u00e9ro 0632.472.959 (ci-apr\u00e8s le \"propri\u00e9taire du site web\" ou \"BOCHON &amp; PARTNERS\").<\/p><p style=\"text-align: center;\">En acc\u00e9dant \u00e0 ce site web ou en l'utilisant, vous acceptez les pr\u00e9sentes conditions d'utilisation.<\/p><p style=\"text-align: center;\">Veuillez les lire attentivement.<\/p><\/div><\/div><\/div><\/div>\t\t\t\t\t\t\t\t<\/div>\n\t\t\t\t<div class=\"elementor-element elementor-element-e903621 elementor-widget elementor-widget-heading\" data-id=\"e903621\" data-element_type=\"widget\" data-widget_type=\"heading.default\">\n\t\t\t\t\t<h2 class=\"elementor-heading-title elementor-size-default\">1. acceptation des conditions d'utilisation<\/h2>\t\t\t\t<\/div>\n\t\t\t\t<div class=\"elementor-element elementor-element-ea912db elementor-widget elementor-widget-text-editor\" data-id=\"ea912db\" data-element_type=\"widget\" data-widget_type=\"text-editor.default\">\n\t\t\t\t\t\t\t\t\t<div class=\"elementor-element elementor-element-1d95889 elementor-widget elementor-widget-pxl_text_editor\" data-id=\"1d95889\" data-element_type=\"widget\" data-widget_type=\"pxl_text_editor.default\"><div class=\"elementor-widget-container\"><div id=\"pxl_text_editor-1d95889-3585\" class=\"pxl-text-editor-wrap d-flex\"><div class=\"pxl-text-editor elementor-clearfix\"><p>En utilisant notre site web, vous acceptez les termes et conditions contenus dans le pr\u00e9sent document (\"Conditions d'utilisation\"). Le propri\u00e9taire du site web se r\u00e9serve le droit, \u00e0 sa discr\u00e9tion, de changer, de modifier, d'ajouter ou de supprimer des parties des pr\u00e9sentes conditions d'utilisation de temps \u00e0 autre, si n\u00e9cessaire. La version mise \u00e0 jour sera affich\u00e9e sur notre site web et dat\u00e9e afin que vous sachiez quand les conditions d'utilisation du site web ont \u00e9t\u00e9 mises \u00e0 jour pour la derni\u00e8re fois. En continuant \u00e0 utiliser notre site web apr\u00e8s de telles modifications, vous consentez \u00e0 ces changements.<\/p><\/div><\/div><\/div><\/div>\t\t\t\t\t\t\t\t<\/div>\n\t\t\t\t<div class=\"elementor-element elementor-element-f25a380 elementor-widget elementor-widget-heading\" data-id=\"f25a380\" data-element_type=\"widget\" data-widget_type=\"heading.default\">\n\t\t\t\t\t<h2 class=\"elementor-heading-title elementor-size-default\">2) Nature de l'information<\/h2>\t\t\t\t<\/div>\n\t\t\t\t<div class=\"elementor-element elementor-element-2647b87 elementor-widget elementor-widget-text-editor\" data-id=\"2647b87\" data-element_type=\"widget\" data-widget_type=\"text-editor.default\">\n\t\t\t\t\t\t\t\t\t<div class=\"elementor-element elementor-element-1d95889 elementor-widget elementor-widget-pxl_text_editor\" data-id=\"1d95889\" data-element_type=\"widget\" data-widget_type=\"pxl_text_editor.default\"><div class=\"elementor-widget-container\"><div id=\"pxl_text_editor-1d95889-3585\" class=\"pxl-text-editor-wrap d-flex\"><div class=\"pxl-text-editor elementor-clearfix\"><p>Les informations du site Internet ont \u00e9t\u00e9 pr\u00e9par\u00e9es sp\u00e9cifiquement dans le but de fournir des informations sur les services juridiques offerts par BOCHON &amp; PARTNERS.<\/p><\/div><\/div><\/div><\/div>\t\t\t\t\t\t\t\t<\/div>\n\t\t\t\t<div class=\"elementor-element elementor-element-394416c elementor-widget elementor-widget-heading\" data-id=\"394416c\" data-element_type=\"widget\" data-widget_type=\"heading.default\">\n\t\t\t\t\t<h2 class=\"elementor-heading-title elementor-size-default\">3. liens vers des sites tiers<\/h2>\t\t\t\t<\/div>\n\t\t\t\t<div class=\"elementor-element elementor-element-de1c4e4 elementor-widget elementor-widget-text-editor\" data-id=\"de1c4e4\" data-element_type=\"widget\" data-widget_type=\"text-editor.default\">\n\t\t\t\t\t\t\t\t\t<div class=\"elementor-element elementor-element-1d95889 elementor-widget elementor-widget-pxl_text_editor\" data-id=\"1d95889\" data-element_type=\"widget\" data-widget_type=\"pxl_text_editor.default\"><div class=\"elementor-widget-container\"><div id=\"pxl_text_editor-1d95889-3585\" class=\"pxl-text-editor-wrap d-flex\"><div class=\"pxl-text-editor elementor-clearfix\"><p>Le site web contient des hyperliens vers d'autres sites ou ressources. L'utilisation de ces hyperliens se fait \u00e0 vos propres risques. Le contenu, l'exactitude, les opinions exprim\u00e9es et les autres liens fournis sur ces sites n'ont pas fait l'objet d'une enqu\u00eate, d'une v\u00e9rification, d'un contr\u00f4le ou d'une approbation de la part du propri\u00e9taire du site Web. Le propri\u00e9taire du site d\u00e9cline toute responsabilit\u00e9 quant \u00e0 l'exactitude, au contenu, \u00e0 la s\u00e9curit\u00e9, \u00e0 la disponibilit\u00e9 ou \u00e0 l'omission d'informations trouv\u00e9es sur ces sites.<\/p><\/div><\/div><\/div><\/div>\t\t\t\t\t\t\t\t<\/div>\n\t\t\t\t<div class=\"elementor-element elementor-element-856975d elementor-widget elementor-widget-heading\" data-id=\"856975d\" data-element_type=\"widget\" data-widget_type=\"heading.default\">\n\t\t\t\t\t<h2 class=\"elementor-heading-title elementor-size-default\">4) Liens avec des sites tiers<\/h2>\t\t\t\t<\/div>\n\t\t\t\t<div class=\"elementor-element elementor-element-7ade037 elementor-widget elementor-widget-text-editor\" data-id=\"7ade037\" data-element_type=\"widget\" data-widget_type=\"text-editor.default\">\n\t\t\t\t\t\t\t\t\t<div class=\"elementor-element elementor-element-1d95889 elementor-widget elementor-widget-pxl_text_editor\" data-id=\"1d95889\" data-element_type=\"widget\" data-widget_type=\"pxl_text_editor.default\"><div class=\"elementor-widget-container\"><div id=\"pxl_text_editor-1d95889-3585\" class=\"pxl-text-editor-wrap d-flex\"><div class=\"pxl-text-editor elementor-clearfix\"><p>Aucun utilisateur d'un site Internet tiers n'est autoris\u00e9 \u00e0 encadrer ou \u00e0 int\u00e9grer dans des cadres tout mat\u00e9riel provenant de notre site Internet ou \u00e0 utiliser toute autre technique qui modifie la pr\u00e9sentation visuelle ou l'apparence de notre site Internet pour les utilisateurs.<\/p><\/div><\/div><\/div><\/div>\t\t\t\t\t\t\t\t<\/div>\n\t\t\t\t<div class=\"elementor-element elementor-element-e725fea elementor-widget elementor-widget-heading\" data-id=\"e725fea\" data-element_type=\"widget\" data-widget_type=\"heading.default\">\n\t\t\t\t\t<h2 class=\"elementor-heading-title elementor-size-default\">5. absence de garanties, limitation de la responsabilit\u00e9<\/h2>\t\t\t\t<\/div>\n\t\t\t\t<div class=\"elementor-element elementor-element-4a20beb elementor-widget elementor-widget-text-editor\" data-id=\"4a20beb\" data-element_type=\"widget\" data-widget_type=\"text-editor.default\">\n\t\t\t\t\t\t\t\t\t<div class=\"elementor-element elementor-element-1d95889 elementor-widget elementor-widget-pxl_text_editor\" data-id=\"1d95889\" data-element_type=\"widget\" data-widget_type=\"pxl_text_editor.default\"><div class=\"elementor-widget-container\"><div id=\"pxl_text_editor-1d95889-3585\" class=\"pxl-text-editor-wrap d-flex\"><div class=\"pxl-text-editor elementor-clearfix\"><p>Dans la mesure permise par la loi, les informations figurant sur notre site Internet sont fournies \"en l'\u00e9tat\" sans aucune garantie ni d\u00e9claration de la part du propri\u00e9taire du site Internet, de quelque nature que ce soit, expresse ou implicite, y compris, mais sans s'y limiter, les garanties implicites ou l'ad\u00e9quation implicite \u00e0 un usage particulier.<\/p><p>Dans la mesure permise par la loi, le propri\u00e9taire du site Web d\u00e9cline \u00e9galement toute d\u00e9claration ou garantie selon laquelle le site Web sera exempt d'erreurs, s\u00e9curis\u00e9 ou ininterrompu, ainsi que toute garantie quant \u00e0 l'exactitude, l'exhaustivit\u00e9 et l'actualit\u00e9 de toute information figurant sur notre site Web.<\/p><p>Dans la mesure permise par la loi, en acc\u00e9dant \u00e0 notre site Web, vous acceptez que le propri\u00e9taire du site Web et ses affili\u00e9s, dirigeants, administrateurs, employ\u00e9s et fournisseurs de services ne soient pas responsables de toute blessure, perte, r\u00e9clamation ou dommage ou de tout dommage indirect, accessoire ou cons\u00e9cutif de quelque nature que ce soit, d\u00e9coulant de ou li\u00e9 \u00e0 :<\/p><ul><li>L'utilisation des informations sur notre site web ;<\/li><li>Votre acc\u00e8s \u00e0 d'autres documents sur Internet par le biais de liens \u00e0 partir de notre site Web ; et,<\/li><li>S'inscrire, recevoir des messages \u00e9lectroniques de BOCHON &amp; PARTNERS<\/li><\/ul><\/div><\/div><\/div><\/div>\t\t\t\t\t\t\t\t<\/div>\n\t\t\t\t<div class=\"elementor-element elementor-element-1336189 elementor-widget elementor-widget-heading\" data-id=\"1336189\" data-element_type=\"widget\" data-widget_type=\"heading.default\">\n\t\t\t\t\t<h2 class=\"elementor-heading-title elementor-size-default\">6. propri\u00e9t\u00e9 intellectuelle<\/h2>\t\t\t\t<\/div>\n\t\t\t\t<div class=\"elementor-element elementor-element-74bf7e3 elementor-widget elementor-widget-text-editor\" data-id=\"74bf7e3\" data-element_type=\"widget\" data-widget_type=\"text-editor.default\">\n\t\t\t\t\t\t\t\t\t<div class=\"elementor-element elementor-element-1d95889 elementor-widget elementor-widget-pxl_text_editor\" data-id=\"1d95889\" data-element_type=\"widget\" data-widget_type=\"pxl_text_editor.default\"><div class=\"elementor-widget-container\"><div id=\"pxl_text_editor-1d95889-3585\" class=\"pxl-text-editor-wrap d-flex\"><div class=\"pxl-text-editor elementor-clearfix\"><p>Le propri\u00e9taire du site Web est propri\u00e9taire et d\u00e9tient les droits de propri\u00e9t\u00e9 intellectuelle sur le site Web et l'ensemble de son contenu. La copie et la citation de toute partie de ce mat\u00e9riel ne doivent pas causer de pr\u00e9judice au propri\u00e9taire du site Web et sont soumises aux conditions suivantes :<\/p><ul><li>Le mat\u00e9riel ne peut \u00eatre utilis\u00e9 qu'\u00e0 des fins personnelles et non commerciales ;<\/li><li>Les copies ou travaux d\u00e9riv\u00e9s doivent contenir tous les avis de droits d'auteur ou autres avis de propri\u00e9t\u00e9 intellectuelle contenus dans le mat\u00e9riel original ; et,<\/li><li>Les services, technologies ou proc\u00e9d\u00e9s utilis\u00e9s ou d\u00e9crits sur notre site peuvent faire l'objet d'autres droits de propri\u00e9t\u00e9 intellectuelle r\u00e9serv\u00e9s par le propri\u00e9taire du site et aucune licence n'est accord\u00e9e en ce qui concerne ces droits de propri\u00e9t\u00e9 intellectuelle.<\/li><\/ul><p>Les \u00e9l\u00e9ments fournis sur notre site Web ne peuvent \u00eatre reproduits, affich\u00e9s, publi\u00e9s, distribu\u00e9s, diffus\u00e9s ou mis en circulation aupr\u00e8s de tiers par quelque moyen que ce soit, y compris par l'utilisation d'un site Web et d'applications mobiles de tiers, sans l'autorisation \u00e9crite pr\u00e9alable du propri\u00e9taire du site Web.<\/p><p>Les images, logos et autres signes affich\u00e9s sur notre site Internet sont prot\u00e9g\u00e9s par des droits d'auteur, des marques ou d'autres droits de propri\u00e9t\u00e9 intellectuelle, et votre utilisation du site Internet ne vous accorde aucune licence ni aucun droit d'utilisation, de reproduction ou d'appropriation.<\/p><\/div><\/div><\/div><\/div>\t\t\t\t\t\t\t\t<\/div>\n\t\t\t\t<div class=\"elementor-element elementor-element-b2c88ed elementor-widget elementor-widget-heading\" data-id=\"b2c88ed\" data-element_type=\"widget\" data-widget_type=\"heading.default\">\n\t\t\t\t\t<h2 class=\"elementor-heading-title elementor-size-default\">7. les modifications et la r\u00e9siliation du site web<\/h2>\t\t\t\t<\/div>\n\t\t\t\t<div class=\"elementor-element elementor-element-618daa3 elementor-widget elementor-widget-text-editor\" data-id=\"618daa3\" data-element_type=\"widget\" data-widget_type=\"text-editor.default\">\n\t\t\t\t\t\t\t\t\t<div class=\"elementor-element elementor-element-1d95889 elementor-widget elementor-widget-pxl_text_editor\" data-id=\"1d95889\" data-element_type=\"widget\" data-widget_type=\"pxl_text_editor.default\"><div class=\"elementor-widget-container\"><div id=\"pxl_text_editor-1d95889-3585\" class=\"pxl-text-editor-wrap d-flex\"><div class=\"pxl-text-editor elementor-clearfix\"><p>Le propri\u00e9taire du site se r\u00e9serve le droit, \u00e0 sa discr\u00e9tion, de changer, de modifier ou de mettre fin au site \u00e0 tout moment.<\/p><\/div><\/div><\/div><\/div>\t\t\t\t\t\t\t\t<\/div>\n\t\t\t\t<div class=\"elementor-element elementor-element-448fcf0 elementor-widget elementor-widget-heading\" data-id=\"448fcf0\" data-element_type=\"widget\" data-widget_type=\"heading.default\">\n\t\t\t\t\t<h2 class=\"elementor-heading-title elementor-size-default\">8) Droit applicable et juridiction<\/h2>\t\t\t\t<\/div>\n\t\t\t\t<div class=\"elementor-element elementor-element-3eeb4b4 elementor-widget elementor-widget-text-editor\" data-id=\"3eeb4b4\" data-element_type=\"widget\" data-widget_type=\"text-editor.default\">\n\t\t\t\t\t\t\t\t\t<div class=\"elementor-element elementor-element-1d95889 elementor-widget elementor-widget-pxl_text_editor\" data-id=\"1d95889\" data-element_type=\"widget\" data-widget_type=\"pxl_text_editor.default\"><div class=\"elementor-widget-container\"><div id=\"pxl_text_editor-1d95889-3585\" class=\"pxl-text-editor-wrap d-flex\"><div class=\"pxl-text-editor elementor-clearfix\"><p>Le droit applicable aux pr\u00e9sentes conditions d'utilisation est le droit belge. Tout litige sera soumis \u00e0 la juridiction exclusive du tribunal comp\u00e9tent de Bruxelles.<\/p><\/div><\/div><\/div><\/div>\t\t\t\t\t\t\t\t<\/div>\n\t\t\t\t<div class=\"elementor-element elementor-element-7515b76 elementor-widget elementor-widget-text-editor\" data-id=\"7515b76\" data-element_type=\"widget\" data-widget_type=\"text-editor.default\">\n\t\t\t\t\t\t\t\t\t<div class=\"elementor-element elementor-element-1d95889 elementor-widget elementor-widget-pxl_text_editor\" data-id=\"1d95889\" data-element_type=\"widget\" data-widget_type=\"pxl_text_editor.default\"><div class=\"elementor-widget-container\"><div id=\"pxl_text_editor-1d95889-3585\" class=\"pxl-text-editor-wrap d-flex\"><div class=\"pxl-text-editor elementor-clearfix\"><p><strong>Les conditions d'utilisation ont \u00e9t\u00e9 mises \u00e0 jour pour la derni\u00e8re fois le 29<sup>th<\/sup> Ao\u00fbt 2025.<\/strong><\/p><\/div><\/div><\/div><\/div>\t\t\t\t\t\t\t\t<\/div>\n\t\t\t\t\t<\/div>\n\t\t\t\t<\/div>\n\t\t\t\t<\/div>","protected":false},"excerpt":{"rendered":"<p>Accueil Prendre un rendez-vous AI-VIA Ce site web accessible via le nom de domaine principal bochonpartners.com et les noms de domaine connexes horizoneuropelegal.com, ai4lp.com et businessclaim.be (ci-apr\u00e8s le \"Site web\") est d\u00e9tenu et exploit\u00e9 par LAW IN NOVATION SRL, op\u00e9rant sous le nom de \"BOCHON &amp; PARTNERS\", dont le si\u00e8ge social est situ\u00e9 Avenue Louise 480 bo\u00eete 11 \u00e0 1050 Bruxelles, inscrite au [...]<\/p>","protected":false},"author":1,"featured_media":0,"parent":0,"menu_order":0,"comment_status":"closed","ping_status":"closed","template":"","meta":{"footnotes":""},"class_list":["post-397","page","type-page","status-publish","hentry"],"yoast_head":"<!-- This site is optimized with the Yoast SEO plugin v26.3 - https:\/\/yoast.com\/wordpress\/plugins\/seo\/ -->\n<title>Term of Use - Artificial intelligence fot liberal professions<\/title>\n<meta name=\"robots\" content=\"index, follow, max-snippet:-1, max-image-preview:large, max-video-preview:-1\" \/>\n<link rel=\"canonical\" href=\"https:\/\/ai4lp.com\/fr\/term-of-use\/\" \/>\n<meta property=\"og:locale\" content=\"fr_FR\" \/>\n<meta property=\"og:type\" content=\"article\" \/>\n<meta property=\"og:title\" content=\"Term of Use - Artificial intelligence fot liberal professions\" \/>\n<meta property=\"og:description\" content=\"Home Make An Appointment AI-VIA This website accessible through the main domain name bochonpartners.com and related domain names horizoneuropelegal.com, ai4lp.com and businessclaim.be (hereinafter the \u201cWebsite\u201d) is owned and operated by LAW IN NOVATION SRL, trading under the name \u201cBOCHON &amp; PARTNERS\u201d, with registered seat at Avenue Louise 480 box 11 at 1050 Brussels, registered with [&hellip;]\" \/>\n<meta property=\"og:url\" content=\"https:\/\/ai4lp.com\/fr\/term-of-use\/\" \/>\n<meta property=\"og:site_name\" content=\"Artificial intelligence fot liberal professions\" \/>\n<meta property=\"article:modified_time\" content=\"2025-08-29T19:55:36+00:00\" \/>\n<meta name=\"twitter:card\" content=\"summary_large_image\" \/>\n<meta name=\"twitter:label1\" content=\"Dur\u00e9e de lecture est.\" \/>\n\t<meta name=\"twitter:data1\" content=\"4 minutes\" \/>\n<script type=\"application\/ld+json\" class=\"yoast-schema-graph\">{\"@context\":\"https:\/\/schema.org\",\"@graph\":[{\"@type\":\"WebPage\",\"@id\":\"https:\/\/ai4lp.com\/term-of-use\/\",\"url\":\"https:\/\/ai4lp.com\/term-of-use\/\",\"name\":\"Term of Use - Artificial intelligence fot liberal professions\",\"isPartOf\":{\"@id\":\"https:\/\/ai4lp.com\/#website\"},\"datePublished\":\"2025-08-29T19:46:22+00:00\",\"dateModified\":\"2025-08-29T19:55:36+00:00\",\"breadcrumb\":{\"@id\":\"https:\/\/ai4lp.com\/term-of-use\/#breadcrumb\"},\"inLanguage\":\"fr-BE\",\"potentialAction\":[{\"@type\":\"ReadAction\",\"target\":[\"https:\/\/ai4lp.com\/term-of-use\/\"]}]},{\"@type\":\"BreadcrumbList\",\"@id\":\"https:\/\/ai4lp.com\/term-of-use\/#breadcrumb\",\"itemListElement\":[{\"@type\":\"ListItem\",\"position\":1,\"name\":\"Accueil\",\"item\":\"https:\/\/ai4lp.com\/\"},{\"@type\":\"ListItem\",\"position\":2,\"name\":\"Term of Use\"}]},{\"@type\":\"WebSite\",\"@id\":\"https:\/\/ai4lp.com\/#website\",\"url\":\"https:\/\/ai4lp.com\/\",\"name\":\"Artificial intelligence fot liberal professions\",\"description\":\"\",\"publisher\":{\"@id\":\"https:\/\/ai4lp.com\/#organization\"},\"potentialAction\":[{\"@type\":\"SearchAction\",\"target\":{\"@type\":\"EntryPoint\",\"urlTemplate\":\"https:\/\/ai4lp.com\/?s={search_term_string}\"},\"query-input\":{\"@type\":\"PropertyValueSpecification\",\"valueRequired\":true,\"valueName\":\"search_term_string\"}}],\"inLanguage\":\"fr-BE\"},{\"@type\":\"Organization\",\"@id\":\"https:\/\/ai4lp.com\/#organization\",\"name\":\"Artificial intelligence fot liberal professions\",\"url\":\"https:\/\/ai4lp.com\/\",\"logo\":{\"@type\":\"ImageObject\",\"inLanguage\":\"fr-BE\",\"@id\":\"https:\/\/ai4lp.com\/#\/schema\/logo\/image\/\",\"url\":\"https:\/\/ai4lp.com\/wp-content\/uploads\/2025\/07\/cropped-cropped-chatgptimagejun8202511_21_18pm.webp\",\"contentUrl\":\"https:\/\/ai4lp.com\/wp-content\/uploads\/2025\/07\/cropped-cropped-chatgptimagejun8202511_21_18pm.webp\",\"width\":415,\"height\":158,\"caption\":\"Artificial intelligence fot  liberal professions\"},\"image\":{\"@id\":\"https:\/\/ai4lp.com\/#\/schema\/logo\/image\/\"}}]}<\/script>\n<!-- \/ Yoast SEO plugin. -->","yoast_head_json":{"title":"Conditions d'utilisation - Intelligence artificielle pour les professions lib\u00e9rales","robots":{"index":"index","follow":"follow","max-snippet":"max-snippet:-1","max-image-preview":"max-image-preview:large","max-video-preview":"max-video-preview:-1"},"canonical":"https:\/\/ai4lp.com\/fr\/term-of-use\/","og_locale":"fr_FR","og_type":"article","og_title":"Term of Use - Artificial intelligence fot liberal professions","og_description":"Home Make An Appointment AI-VIA This website accessible through the main domain name bochonpartners.com and related domain names horizoneuropelegal.com, ai4lp.com and businessclaim.be (hereinafter the \u201cWebsite\u201d) is owned and operated by LAW IN NOVATION SRL, trading under the name \u201cBOCHON &amp; PARTNERS\u201d, with registered seat at Avenue Louise 480 box 11 at 1050 Brussels, registered with [&hellip;]","og_url":"https:\/\/ai4lp.com\/fr\/term-of-use\/","og_site_name":"Artificial intelligence fot liberal professions","article_modified_time":"2025-08-29T19:55:36+00:00","twitter_card":"summary_large_image","twitter_misc":{"Dur\u00e9e de lecture est.":"4 minutes"},"schema":{"@context":"https:\/\/schema.org","@graph":[{"@type":"WebPage","@id":"https:\/\/ai4lp.com\/term-of-use\/","url":"https:\/\/ai4lp.com\/term-of-use\/","name":"Conditions d'utilisation - Intelligence artificielle pour les professions lib\u00e9rales","isPartOf":{"@id":"https:\/\/ai4lp.com\/#website"},"datePublished":"2025-08-29T19:46:22+00:00","dateModified":"2025-08-29T19:55:36+00:00","breadcrumb":{"@id":"https:\/\/ai4lp.com\/term-of-use\/#breadcrumb"},"inLanguage":"fr-BE","potentialAction":[{"@type":"ReadAction","target":["https:\/\/ai4lp.com\/term-of-use\/"]}]},{"@type":"BreadcrumbList","@id":"https:\/\/ai4lp.com\/term-of-use\/#breadcrumb","itemListElement":[{"@type":"ListItem","position":1,"name":"Accueil","item":"https:\/\/ai4lp.com\/"},{"@type":"ListItem","position":2,"name":"Term of Use"}]},{"@type":"WebSite","@id":"https:\/\/ai4lp.com\/#website","url":"https:\/\/ai4lp.com\/","name":"L'intelligence artificielle pour les professions lib\u00e9rales","description":"","publisher":{"@id":"https:\/\/ai4lp.com\/#organization"},"potentialAction":[{"@type":"SearchAction","target":{"@type":"EntryPoint","urlTemplate":"https:\/\/ai4lp.com\/?s={search_term_string}"},"query-input":{"@type":"PropertyValueSpecification","valueRequired":true,"valueName":"search_term_string"}}],"inLanguage":"fr-BE"},{"@type":"Organization","@id":"https:\/\/ai4lp.com\/#organization","name":"L'intelligence artificielle pour les professions lib\u00e9rales","url":"https:\/\/ai4lp.com\/","logo":{"@type":"ImageObject","inLanguage":"fr-BE","@id":"https:\/\/ai4lp.com\/#\/schema\/logo\/image\/","url":"https:\/\/ai4lp.com\/wp-content\/uploads\/2025\/07\/cropped-cropped-chatgptimagejun8202511_21_18pm.webp","contentUrl":"https:\/\/ai4lp.com\/wp-content\/uploads\/2025\/07\/cropped-cropped-chatgptimagejun8202511_21_18pm.webp","width":415,"height":158,"caption":"Artificial intelligence fot  liberal professions"},"image":{"@id":"https:\/\/ai4lp.com\/#\/schema\/logo\/image\/"}}]}},"_links":{"self":[{"href":"https:\/\/ai4lp.com\/fr\/wp-json\/wp\/v2\/pages\/397","targetHints":{"allow":["GET"]}}],"collection":[{"href":"https:\/\/ai4lp.com\/fr\/wp-json\/wp\/v2\/pages"}],"about":[{"href":"https:\/\/ai4lp.com\/fr\/wp-json\/wp\/v2\/types\/page"}],"author":[{"embeddable":true,"href":"https:\/\/ai4lp.com\/fr\/wp-json\/wp\/v2\/users\/1"}],"replies":[{"embeddable":true,"href":"https:\/\/ai4lp.com\/fr\/wp-json\/wp\/v2\/comments?post=397"}],"version-history":[{"count":16,"href":"https:\/\/ai4lp.com\/fr\/wp-json\/wp\/v2\/pages\/397\/revisions"}],"predecessor-version":[{"id":429,"href":"https:\/\/ai4lp.com\/fr\/wp-json\/wp\/v2\/pages\/397\/revisions\/429"}],"wp:attachment":[{"href":"https:\/\/ai4lp.com\/fr\/wp-json\/wp\/v2\/media?parent=397"}],"curies":[{"name":"wp","href":"https:\/\/api.w.org\/{rel}","templated":true}]}}